{"id":214,"date":"2018-04-17T15:35:44","date_gmt":"2018-04-17T15:35:44","guid":{"rendered":"https:\/\/www.wir-kaufen-toner.de\/blog\/?page_id=214"},"modified":"2018-05-24T11:23:23","modified_gmt":"2018-05-24T11:23:23","slug":"datenschutzerklaerung","status":"publish","type":"page","link":"https:\/\/www.wir-kaufen-toner.de\/blog\/datenschutzerklaerung\/","title":{"rendered":"Datenschutzerkl\u00e4rung"},"content":{"rendered":"<div id=\"content-wrapper\">\n<div id=\"content\" class=\"clearfix\">\n<h1>Datenschutzerkl\u00e4rung<\/h1>\n<div class=\"row mobile-block mobile-no-margin\">\n<div class=\"col\">\n<h3>Verantwortliche Stelle im Sinne der Datenschutzgesetze ist:<\/h3>\n<p><strong>Baseline GmbH<\/strong><\/p>\n<p>diese vertreten durch die Gesch\u00e4ftsf\u00fchrer Sebastian B\u00f6tel, Roland Jackmuth<\/p>\n<p>Harpener Feld 34<br \/>\n44805 Bochum<br \/>\nDeutschland<\/p>\n<p>Telefon: 0234 9585990<br \/>\nTelefax: 0234 9585991<br \/>\nE-Mail: shop@baseline-toner.de<br \/>\nUSt-IdNr.: DE280142972<\/p>\n<p>eingetragen im Handelsregister des Amtsgerichtes AG Bochum<br \/>\nHandelsregisternummer HRB HRB 13665<\/p>\n<h3>Erfassung allgemeiner Informationen<\/h3>\n<p>Wenn Sie auf unsere Webseite zugreifen, werden automatisch Informationen allgemeiner Natur erfasst. Diese Informationen (Server-Logfiles) beinhalten etwa die Art des Webbrowsers, das verwendete Betriebssystem, den Domainnamen Ihres Internet Service Providers und \u00c4hnliches. Hierbei handelt es sich ausschlie\u00dflich um Informationen, welche keine R\u00fcckschl\u00fcsse auf Ihre Person zulassen. Diese Informationen sind technisch notwendig, um von Ihnen angeforderte Inhalte von Webseiten korrekt auszuliefern und fallen bei Nutzung des Internets zwingend an. Anonyme Informationen dieser Art werden von uns statistisch ausgewertet, um unseren Internetauftritt und die dahinterstehende Technik zu optimieren.<\/p>\n<h3>Cookies<\/h3>\n<p>Wie viele andere Webseiten verwenden wir auch so genannte \u201eCookies\u201c. Cookies sind kleine Textdateien, die von einem Webseitenserver auf Ihre Festplatte \u00fcbertragen werden. Hierdurch erhalten wir automatisch bestimmte Daten wie z. B. IP-Adresse, verwendeter Browser, Betriebssystem \u00fcber Ihren Computer und Ihre Verbindung zum Internet.<\/p>\n<p>Cookies k\u00f6nnen nicht verwendet werden, um Programme zu starten oder Viren auf einen Computer zu \u00fcbertragen. Anhand der in Cookies enthaltenen Informationen k\u00f6nnen wir Ihnen die Navigation erleichtern und die korrekte Anzeige unserer Webseiten erm\u00f6glichen.<\/p>\n<p>In keinem Fall werden die von uns erfassten Daten an Dritte weitergegeben oder ohne Ihre Einwilligung eine Verkn\u00fcpfung mit personenbezogenen Daten hergestellt.<\/p>\n<p>Nat\u00fcrlich k\u00f6nnen Sie unsere Website grunds\u00e4tzlich auch ohne Cookies betrachten. Internet-Browser sind regelm\u00e4\u00dfig so eingestellt, dass sie Cookies akzeptieren. Sie k\u00f6nnen die Verwendung von Cookies jederzeit \u00fcber die Einstellungen Ihres Browsers deaktivieren. Bitte verwenden Sie die Hilfefunktionen Ihres Internetbrowsers, um zu erfahren, wie Sie diese Einstellungen \u00e4ndern k\u00f6nnen. Bitte beachten Sie, dass einzelne Funktionen unserer Website m\u00f6glicherweise nicht funktionieren, wenn Sie die Verwendung von Cookies deaktiviert haben.<\/p>\n<h3>Registrierung auf unserer Webseite<\/h3>\n<p>Bei der Registrierung f\u00fcr die Nutzung unserer personalisierten Leistungen werden einige personenbezogene Daten erhoben, wie Name, Anschrift, Kontakt- und Kommunikationsdaten wie Telefonnummer und E-Mail-Adresse. Sind Sie bei uns registriert, k\u00f6nnen Sie auf Inhalte und Leistungen zugreifen, die wir nur registrierten Nutzern anbieten. Angemeldete Nutzer haben zudem die M\u00f6glichkeit, bei Bedarf die bei Registrierung angegebenen Daten jederzeit zu \u00e4ndern oder zu l\u00f6schen. Selbstverst\u00e4ndlich erteilen wir Ihnen dar\u00fcber hinaus jederzeit Auskunft \u00fcber die von uns \u00fcber Sie gespeicherten personenbezogenen Daten. Gerne berichtigen bzw. l\u00f6schen wir diese auch auf Ihren Wunsch, soweit keine gesetzlichen Aufbewahrungspflichten entgegenstehen. Zur Kontaktaufnahme in diesem Zusammenhang nutzen Sie bitte die am Ende dieser Datenschutzerkl\u00e4rung angegebenen Kontaktdaten.<\/p>\n<h3>Erhebung, Verarbeitung und Nutzung personenbezogener Daten bei Lieferantenbestellungen<\/h3>\n<p>Bei der Bestellung bei Ihnen als Lieferant erheben und verwenden wir Ihre personenbezogenen Daten nur, soweit dies zur Erf\u00fcllung und Abwicklung Ihrer Bestellung sowie zur Bearbeitung Ihrer Anfragen erforderlich ist. Die Bereitstellung der Daten ist f\u00fcr den Vertragsschluss erforderlich. Eine Nichtbereitstellung hat zur Folge, dass kein Vertrag geschlossen werden kann. Die Verarbeitung erfolgt auf Grundlage des Art. 6 (1) lit. b DSGVO und ist f\u00fcr die Erf\u00fcllung eines Vertrags mit Ihnen erforderlich. Eine Weitergabe Ihrer Daten an Dritte ohne Ihre ausdr\u00fcckliche Einwilligung erfolgt nicht. Ausgenommen hiervon sind lediglich unsere Dienstleistungspartner, die wir zur Abwicklung des Vertragsverh\u00e4ltnisses ben\u00f6tigen oder Dienstleister derer wir uns im Rahmen einer Auftragsverarbeitung bedienen. Neben den in den jeweiligen Klauseln dieser Datenschutzerkl\u00e4rung benannten Empf\u00e4ngern sind dies beispielsweise Empf\u00e4nger folgender Kategorien: Versanddienstleister, Zahlungsdienstleister, Warenwirtschaftsdienstleister, Diensteanbieter f\u00fcr die Bestellabwicklung, Webhoster, IT-Dienstleister und Dropshipping H\u00e4ndler. In allen F\u00e4llen beachten wir strikt die gesetzlichen Vorgaben. Der Umfang der Daten\u00fcbermittlung beschr\u00e4nkt sich auf ein Mindestma\u00df.<\/p>\n<h3>SSL-Verschl\u00fcsselung<\/h3>\n<p>Um die Sicherheit Ihrer Daten bei der \u00dcbertragung zu sch\u00fctzen, verwenden wir dem aktuellen Stand der Technik entsprechende Verschl\u00fcsselungsverfahren (z. B. SSL) \u00fcber HTTPS.<\/p>\n<h3>Kommentarfunktion<\/h3>\n<p>Wenn Nutzer Kommentare im Blog hinterlassen, werden neben diesen Angaben auch der Zeitpunkt ihrer Erstellung und der zuvor durch den Websitebesucher gew\u00e4hlte Nutzername gespeichert. Dies dient unserer Sicherheit, da wir f\u00fcr widerrechtliche Inhalte auf unserer Webseite belangt werden k\u00f6nnen, auch wenn diese durch Benutzer erstellt wurden.<\/p>\n<h3>Kontaktformular<\/h3>\n<p>Treten Sie per E-Mail oder Kontaktformular mit uns in Kontakt, werden die von Ihnen gemachten Angaben zum Zwecke der Bearbeitung der Anfrage sowie f\u00fcr m\u00f6gliche Anschlussfragen gespeichert.<\/p>\n<h3>L\u00f6schung bzw. Sperrung der Daten<\/h3>\n<p>Wir halten uns an die Grunds\u00e4tze der Datenvermeidung und Datensparsamkeit. Wir speichern Ihre personenbezogenen Daten daher nur so lange, wie dies zur Erreichung der hier genannten Zwecke erforderlich ist oder wie es die vom Gesetzgeber vorgesehenen vielf\u00e4ltigen Speicherfristen vorsehen. Nach Fortfall des jeweiligen Zweckes bzw. Ablauf dieser Fristen werden die entsprechenden Daten routinem\u00e4\u00dfig und entsprechend den gesetzlichen Vorschriften gesperrt oder gel\u00f6scht.<\/p>\n<h3>Verwendung von Scriptbibliotheken (Google Webfonts)<\/h3>\n<p>Um unsere Inhalte browser\u00fcbergreifend korrekt und grafisch ansprechend darzustellen, verwenden wir auf dieser Website Scriptbibliotheken und Schriftbibliotheken wie z. B. Google Webfonts (<a href=\"https:\/\/www.google.com\/webfonts\/\" target=\"_blank\" rel=\"noopener\">https:\/\/www.google.com\/webfonts\/<\/a>). Google Webfonts werden zur Vermeidung mehrfachen Ladens in den Cache Ihres Browsers \u00fcbertragen. Falls der Browser die Google Webfonts nicht unterst\u00fctzt oder den Zugriff unterbindet, werden Inhalte in einer Standardschrift angezeigt.<\/p>\n<p>Der Aufruf von Scriptbibliotheken oder Schriftbibliotheken l\u00f6st automatisch eine Verbindung zum Betreiber der Bibliothek aus. Dabei ist es theoretisch m\u00f6glich \u2013 aktuell allerdings auch unklar ob und ggf. zu welchen Zwecken \u2013 dass Betreiber entsprechender Bibliotheken Daten erheben.<\/p>\n<p>Die Datenschutzrichtlinie des Bibliothekbetreibers Google finden Sie hier: <a href=\"https:\/\/www.google.com\/policies\/privacy\/\" target=\"_blank\" rel=\"noopener\">https:\/\/www.google.com\/policies\/privacy\/<\/a><\/p>\n<h3>Ihre Rechte auf Auskunft, Berichtigung, Sperre, L\u00f6schung und Widerspruch<\/h3>\n<p>Ihnen stehen bei Vorliegen der gesetzlichen Voraussetzungen folgende Rechte nach Art. 15 bis 20 DSGVO zu: Recht auf Auskunft, auf Berichtigung, auf L\u00f6schung, auf Einschr\u00e4nkung der Verarbeitung, auf Daten\u00fcbertragbarkeit.<br \/>\nAu\u00dferdem steht Ihnen nach Art. 21 (1) DSGVO ein Widerspruchsrecht gegen die Verarbeitungen zu, die auf Art. 6 (1) f DSGVO beruhen, sowie gegen die Verarbeitung zum Zwecke von Direktwerbung.<\/p>\n<h3>\u00c4nderung unserer Datenschutzbestimmungen<\/h3>\n<p>Wir behalten uns vor, diese Datenschutzerkl\u00e4rung gelegentlich anzupassen, damit sie stets den aktuellen rechtlichen Anforderungen entspricht oder um \u00c4nderungen unserer Leistungen in der Datenschutzerkl\u00e4rung umzusetzen, z. B. bei der Einf\u00fchrung neuer Services. F\u00fcr Ihren erneuten Besuch gilt dann die neue Datenschutzerkl\u00e4rung.<\/p>\n<h3>Beschwerderecht bei der Aufsichtsbeh\u00f6rde<\/h3>\n<p>Sie haben gem\u00e4\u00df Art. 77 DSGVO das Recht, sich bei der Aufsichtsbeh\u00f6rde zu beschweren, wenn Sie der Ansicht sind, dass die Verarbeitung Ihrer personenbezogenen Daten nicht rechtm\u00e4\u00dfig erfolgt.<\/p>\n<\/div>\n<\/div>\n<\/div>\n<\/div>\n","protected":false},"excerpt":{"rendered":"<p>Datenschutzerkl\u00e4rung Verantwortliche Stelle im Sinne der Datenschutzgesetze ist: Baseline GmbH diese vertreten durch die Gesch\u00e4ftsf\u00fchrer Sebastian B\u00f6tel, Roland Jackmuth Harpener Feld 34 44805 Bochum Deutschland Telefon: 0234 9585990 Telefax: 0234 9585991 E-Mail: shop@baseline-toner.de USt-IdNr.: DE280142972 eingetragen im Handelsregister des Amtsgerichtes AG Bochum Handelsregisternummer HRB HRB 13665 Erfassung allgemeiner Informationen Wenn Sie auf unsere Webseite zugreifen, &hellip; <\/p>\n<p class=\"link-more\"><a href=\"https:\/\/www.wir-kaufen-toner.de\/blog\/datenschutzerklaerung\/\" class=\"more-link\"><span class=\"screen-reader-text\">\u201eDatenschutzerkl\u00e4rung\u201c<\/span> weiterlesen<\/a><\/p>\n","protected":false},"author":1,"featured_media":0,"parent":0,"menu_order":0,"comment_status":"closed","ping_status":"closed","template":"","meta":{"footnotes":""},"yoast_head":"<!-- This site is optimized with the Yoast SEO plugin v21.7 - https:\/\/yoast.com\/wordpress\/plugins\/seo\/ -->\n<title>Datenschutzerkl\u00e4rung - Blog Druckerzubeh\u00f6r + Toner Ankauf<\/title>\n<meta name=\"robots\" content=\"index, follow, max-snippet:-1, max-image-preview:large, max-video-preview:-1\" \/>\n<link rel=\"canonical\" href=\"https:\/\/www.wir-kaufen-toner.de\/blog\/datenschutzerklaerung\/\" \/>\n<meta property=\"og:locale\" content=\"de_DE\" \/>\n<meta property=\"og:type\" content=\"article\" \/>\n<meta property=\"og:title\" content=\"Datenschutzerkl\u00e4rung - Blog Druckerzubeh\u00f6r + Toner Ankauf\" \/>\n<meta property=\"og:description\" content=\"Datenschutzerkl\u00e4rung Verantwortliche Stelle im Sinne der Datenschutzgesetze ist: Baseline GmbH diese vertreten durch die Gesch\u00e4ftsf\u00fchrer Sebastian B\u00f6tel, Roland Jackmuth Harpener Feld 34 44805 Bochum Deutschland Telefon: 0234 9585990 Telefax: 0234 9585991 E-Mail: shop@baseline-toner.de USt-IdNr.: DE280142972 eingetragen im Handelsregister des Amtsgerichtes AG Bochum Handelsregisternummer HRB HRB 13665 Erfassung allgemeiner Informationen Wenn Sie auf unsere Webseite zugreifen, &hellip; \u201eDatenschutzerkl\u00e4rung\u201c weiterlesen\" \/>\n<meta property=\"og:url\" content=\"https:\/\/www.wir-kaufen-toner.de\/blog\/datenschutzerklaerung\/\" \/>\n<meta property=\"og:site_name\" content=\"Blog Druckerzubeh\u00f6r + Toner Ankauf\" \/>\n<meta property=\"article:modified_time\" content=\"2018-05-24T11:23:23+00:00\" \/>\n<meta name=\"twitter:label1\" content=\"Gesch\u00e4tzte Lesezeit\" \/>\n\t<meta name=\"twitter:data1\" content=\"5\u00a0Minuten\" \/>\n<script type=\"application\/ld+json\" class=\"yoast-schema-graph\">{\"@context\":\"https:\/\/schema.org\",\"@graph\":[{\"@type\":\"WebPage\",\"@id\":\"https:\/\/www.wir-kaufen-toner.de\/blog\/datenschutzerklaerung\/\",\"url\":\"https:\/\/www.wir-kaufen-toner.de\/blog\/datenschutzerklaerung\/\",\"name\":\"Datenschutzerkl\u00e4rung - Blog Druckerzubeh\u00f6r + Toner Ankauf\",\"isPartOf\":{\"@id\":\"https:\/\/www.wir-kaufen-toner.de\/blog\/#website\"},\"datePublished\":\"2018-04-17T15:35:44+00:00\",\"dateModified\":\"2018-05-24T11:23:23+00:00\",\"breadcrumb\":{\"@id\":\"https:\/\/www.wir-kaufen-toner.de\/blog\/datenschutzerklaerung\/#breadcrumb\"},\"inLanguage\":\"de\",\"potentialAction\":[{\"@type\":\"ReadAction\",\"target\":[\"https:\/\/www.wir-kaufen-toner.de\/blog\/datenschutzerklaerung\/\"]}]},{\"@type\":\"BreadcrumbList\",\"@id\":\"https:\/\/www.wir-kaufen-toner.de\/blog\/datenschutzerklaerung\/#breadcrumb\",\"itemListElement\":[{\"@type\":\"ListItem\",\"position\":1,\"name\":\"Home\",\"item\":\"https:\/\/www.wir-kaufen-toner.de\/blog\/\"},{\"@type\":\"ListItem\",\"position\":2,\"name\":\"Datenschutzerkl\u00e4rung\"}]},{\"@type\":\"WebSite\",\"@id\":\"https:\/\/www.wir-kaufen-toner.de\/blog\/#website\",\"url\":\"https:\/\/www.wir-kaufen-toner.de\/blog\/\",\"name\":\"Blog Druckerzubeh\u00f6r + Toner Ankauf\",\"description\":\"Hinweise und Neuigkeiten zum Thema Toner Ankauf - Baseline GmbH\",\"potentialAction\":[{\"@type\":\"SearchAction\",\"target\":{\"@type\":\"EntryPoint\",\"urlTemplate\":\"https:\/\/www.wir-kaufen-toner.de\/blog\/?s={search_term_string}\"},\"query-input\":\"required name=search_term_string\"}],\"inLanguage\":\"de\"}]}<\/script>\n<!-- \/ Yoast SEO plugin. -->","yoast_head_json":{"title":"Datenschutzerkl\u00e4rung - Blog Druckerzubeh\u00f6r + Toner Ankauf","robots":{"index":"index","follow":"follow","max-snippet":"max-snippet:-1","max-image-preview":"max-image-preview:large","max-video-preview":"max-video-preview:-1"},"canonical":"https:\/\/www.wir-kaufen-toner.de\/blog\/datenschutzerklaerung\/","og_locale":"de_DE","og_type":"article","og_title":"Datenschutzerkl\u00e4rung - Blog Druckerzubeh\u00f6r + Toner Ankauf","og_description":"Datenschutzerkl\u00e4rung Verantwortliche Stelle im Sinne der Datenschutzgesetze ist: Baseline GmbH diese vertreten durch die Gesch\u00e4ftsf\u00fchrer Sebastian B\u00f6tel, Roland Jackmuth Harpener Feld 34 44805 Bochum Deutschland Telefon: 0234 9585990 Telefax: 0234 9585991 E-Mail: shop@baseline-toner.de USt-IdNr.: DE280142972 eingetragen im Handelsregister des Amtsgerichtes AG Bochum Handelsregisternummer HRB HRB 13665 Erfassung allgemeiner Informationen Wenn Sie auf unsere Webseite zugreifen, &hellip; \u201eDatenschutzerkl\u00e4rung\u201c weiterlesen","og_url":"https:\/\/www.wir-kaufen-toner.de\/blog\/datenschutzerklaerung\/","og_site_name":"Blog Druckerzubeh\u00f6r + Toner Ankauf","article_modified_time":"2018-05-24T11:23:23+00:00","twitter_misc":{"Gesch\u00e4tzte Lesezeit":"5\u00a0Minuten"},"schema":{"@context":"https:\/\/schema.org","@graph":[{"@type":"WebPage","@id":"https:\/\/www.wir-kaufen-toner.de\/blog\/datenschutzerklaerung\/","url":"https:\/\/www.wir-kaufen-toner.de\/blog\/datenschutzerklaerung\/","name":"Datenschutzerkl\u00e4rung - Blog Druckerzubeh\u00f6r + Toner Ankauf","isPartOf":{"@id":"https:\/\/www.wir-kaufen-toner.de\/blog\/#website"},"datePublished":"2018-04-17T15:35:44+00:00","dateModified":"2018-05-24T11:23:23+00:00","breadcrumb":{"@id":"https:\/\/www.wir-kaufen-toner.de\/blog\/datenschutzerklaerung\/#breadcrumb"},"inLanguage":"de","potentialAction":[{"@type":"ReadAction","target":["https:\/\/www.wir-kaufen-toner.de\/blog\/datenschutzerklaerung\/"]}]},{"@type":"BreadcrumbList","@id":"https:\/\/www.wir-kaufen-toner.de\/blog\/datenschutzerklaerung\/#breadcrumb","itemListElement":[{"@type":"ListItem","position":1,"name":"Home","item":"https:\/\/www.wir-kaufen-toner.de\/blog\/"},{"@type":"ListItem","position":2,"name":"Datenschutzerkl\u00e4rung"}]},{"@type":"WebSite","@id":"https:\/\/www.wir-kaufen-toner.de\/blog\/#website","url":"https:\/\/www.wir-kaufen-toner.de\/blog\/","name":"Blog Druckerzubeh\u00f6r + Toner Ankauf","description":"Hinweise und Neuigkeiten zum Thema Toner Ankauf - Baseline GmbH","potentialAction":[{"@type":"SearchAction","target":{"@type":"EntryPoint","urlTemplate":"https:\/\/www.wir-kaufen-toner.de\/blog\/?s={search_term_string}"},"query-input":"required name=search_term_string"}],"inLanguage":"de"}]}},"_links":{"self":[{"href":"https:\/\/www.wir-kaufen-toner.de\/blog\/wp-json\/wp\/v2\/pages\/214"}],"collection":[{"href":"https:\/\/www.wir-kaufen-toner.de\/blog\/wp-json\/wp\/v2\/pages"}],"about":[{"href":"https:\/\/www.wir-kaufen-toner.de\/blog\/wp-json\/wp\/v2\/types\/page"}],"author":[{"embeddable":true,"href":"https:\/\/www.wir-kaufen-toner.de\/blog\/wp-json\/wp\/v2\/users\/1"}],"replies":[{"embeddable":true,"href":"https:\/\/www.wir-kaufen-toner.de\/blog\/wp-json\/wp\/v2\/comments?post=214"}],"version-history":[{"count":3,"href":"https:\/\/www.wir-kaufen-toner.de\/blog\/wp-json\/wp\/v2\/pages\/214\/revisions"}],"predecessor-version":[{"id":224,"href":"https:\/\/www.wir-kaufen-toner.de\/blog\/wp-json\/wp\/v2\/pages\/214\/revisions\/224"}],"wp:attachment":[{"href":"https:\/\/www.wir-kaufen-toner.de\/blog\/wp-json\/wp\/v2\/media?parent=214"}],"curies":[{"name":"wp","href":"https:\/\/api.w.org\/{rel}","templated":true}]}}